{"id":4209,"date":"2024-04-20T06:02:48","date_gmt":"2024-04-20T05:02:48","guid":{"rendered":"https:\/\/laura-s.com\/?page_id=4209"},"modified":"2024-04-20T13:39:08","modified_gmt":"2024-04-20T12:39:08","slug":"return-policy","status":"publish","type":"page","link":"https:\/\/laura-s.com\/en\/return-policy\/","title":{"rendered":"Return policy"},"content":{"rendered":"<div style=\"height:60px\" aria-hidden=\"true\" class=\"wp-block-spacer\"><\/div>\n\n\n\n<div class=\"wp-block-uagb-advanced-heading uagb-block-a04c9028\"><h2 class=\"uagb-heading-text\">Return Policy<\/h2><\/div>\n\n\n\n<div style=\"height:50px\" aria-hidden=\"true\" class=\"wp-block-spacer\"><\/div>\n\n\n\n<div class=\"wp-block-uagb-container uagb-block-c0353a7d alignfull uagb-is-root-container\"><div class=\"uagb-container-inner-blocks-wrap\">\n<p><strong>Laura-s<\/strong> garantuje za kvalitet svojih proizvoda.<br>Sva pla\u0107anja \u0107e biti obavljena u <strong>Evrima (EUR)<\/strong>, prilikom isporuke koju vr\u0161i kurirska slu\u017eba ili putem interneta<br>platnim karticama. Kupac ce biti obave\u0161ten i ta\u010dnom iznosu za uplatu, pre slanja paketa putem e-mail-a. Zakon o za\u0161titi potro\u0161a\u010da (Slu\u017ebeni glasnik RS, br. 62\/2014 , \u010dlan 37, stav 3) isklju\u010duje pravo kupca da vrati proizvod u odre\u0111enim situacijama: \u2013 isporuka robe proizvedene prema posebnim zahtevima potro\u0161a\u010da ili jasno personalizovane. Prema Zakonu o za\u0161titi potro\u0161a\u010da (Slu\u017ebeni glasnik RS, br. 62\/2014) kupovina preko internet stranice\u00a0www.Laura-s.com\u00a0smatra se prodajom na daljinu. Zakon za slu\u010daj prodaje na daljinu ustanovljava pravo kupca, koji se smatra potro\u0161a\u010dem (fizi\u010dko lice koje proizvod kupuje radi namirenja svojih individualnih potreba, a ne radi obavljanja profesionalne delatnosti), da odustane od ugovora u roku od 14 dana od dana kada mu je proizvod predat. Prilikom odustanka kupac mo\u017ee, ali ne mora da navede razloge zbog kojih odustaje.<br>Obrazac\/Izjava o odustanku od ugovora proizvodi pravno dejstvo od dana kada je poslata trgovcu. U slu\u010daju odustanka od ugovora, potro\u0161a\u010d ima pravo na povra\u0107aj novca ili na zamenu za drugi proizvod. Cena se kupcu vra\u0107a po prijemu proizvoda, i nakon \u0161to se utvrdi da je proizvod neo\u0161te\u0107en i ispravan. Kupac je du\u017ean da proizvod vrati bez odlaganja, a najkasnije u<strong> roku od 14 dana<\/strong> od dana kada je poslao obrazac za odustanak. Po isteku <strong>roka od 14 dana<\/strong> od dana kada je poslao odustanak, proizvod se vi\u0161e ne moze vratiti. Prilikom povra\u0107aja robe obavezno je vratiti u ispravnom i nekori\u0161\u0107enom stanju. Po prijemu proizvoda, utvrdi\u0107e se da li je proizvod ispravan i neo\u0161te\u0107en. Kupac odgovara za neispravnost ili o\u0161te\u0107enje proizvoda koji su rezultat neadekvatnog rukovanja proizvodom, tj. kupac je isklju\u010divo odgovoran za umanjenu vrednost proizvoda koja nastane kao posledica rukovanja robom na na\u010din koji nije adekvatan. Ukoliko se utvrdi da je nastupila neispravnost ili o\u0161te\u0107enje proizvoda krivicom kupca, odbi\u0107e se vra\u0107anje cene i proizvod \u0107e mu biti vra\u0107en na njegov tro\u0161ak. Trgovac je du\u017ean da potro\u0161a\u010du bez odlaganja vrati iznos koji je potro\u0161a\u010d platio po osnovu ugovora, a najkasnije u roku od 14 dana od dana prijema izjave o<br>odustanku, a nakon prijema proizvoda<\/p>\n\n\n\n<h2 class=\"wp-block-heading\">Zamena robe i odustanak od kupovine<\/h2>\n\n\n\n<p>Uslovi za uva\u017eavanje reklamacije, zamene i odustanka od kupovine:<br><br><strong>1. Ukoliko je stigao pogre\u0161an proizvod u odnosu na onaj koji ste poru\u010dili<\/strong><br><strong>2.Ukoliko je proizvod stigao o\u0161te\u0107en ili sa nedostatkom<\/strong><br><strong>3.Ukoliko ste naru\u010dili proizvod bez personalizacije, mogu\u0107 je odustanak u<br>zakonskom roku od 14 dana bez navo\u0111enja razloga<\/strong><br>Izuzeci od prava na odustanak od ugovora:<br>(Slu\u017ebeni glasnik RS, \u010dlan 37) Potro\u0161a\u010d nema pravo da odustane od ugovora u slu\u010daju i reklamaciju nije mogu\u0107e ostvariti:<br><br><strong>1)<\/strong> <strong>Za proizvode za koje je ura\u0111ena \u0161tampa po va\u0161oj \u017eelji ili personalizacija korice<\/strong>.<br><strong>2)<\/strong> <strong>Reklamaciju na osnovu razlike nijanse boje ne prihvatamo iz razloga \u0161to uvek postoje odstupanja u bojama kada se upore\u0111uje boja na monitoru (ekranu) i boja u\u017eivo<\/strong>.&nbsp;<br>Prema Zakonu o za\u0161titi potro\u0161a\u010da (Slu\u017ebeni glasnik RS, br. 62\/2014) kupovina preko internet stranice<\/p>\n\n\n\n<h2 class=\"wp-block-heading\">Tro\u0161kovi isporuke prilikom zamene<\/h2>\n\n\n\n<p class=\"has-medium-font-size\">Tro\u0161kove zamene robe i novca snosi kupac, osim ako kupac dobije o\u0161te\u0107en ili pogre\u0161an artikal. Ukoliko je kupac pogre\u0161io prilikom odabira artikla, prilikom preuzimanja robe, kupac pla\u0107a ukupan iznos po\u0161tarine po zvani\u010dnom cenovniku kurirske slu\u017ebe DHL. Po\u0161tarinu pla\u0107ete gotovinom u va\u0161oj najbli\u017eoj po\u0161ti prilikom slanja DHL po\u0161iljke.<\/p>\n\n\n\n<ol class=\"wp-block-list\" start=\"2\"><\/ol>\n\n\n\n<h2 class=\"wp-block-heading\">Povra\u0107aj sredstava<\/h2>\n\n\n\n<p>U slu\u010daju vra\u0107anja robe i povra\u0107aja sredstava kupcu koji je prethodno platio nekom od platnih kartica, delimi\u010dno ili u celosti, a bez obzira na razlog vra\u0107anja, Laura-s je u obavezi da povra\u0107aj vr\u0161i isklju\u010divo preko <strong>VISA i Paypal<\/strong> metoda pla\u0107anja, \u0161to zna\u010di da \u0107e banka na zahtev prodavca obaviti povra\u0107aj sredstava na ra\u010dun korisnika platne kartice.<\/p>\n<\/div><\/div>\n\n\n\n<p><\/p>\n\n\n\n<div class=\"wp-block-group alignfull has-background\" style=\"background-color:#00000008;padding-top:var(--wp--preset--spacing--50);padding-right:var(--wp--preset--spacing--40);padding-bottom:var(--wp--preset--spacing--50);padding-left:var(--wp--preset--spacing--40)\"><div class=\"wp-block-group__inner-container is-layout-constrained wp-container-core-group-is-layout-3bfa357b wp-block-group-is-layout-constrained\">\n<div class=\"wp-block-group alignwide is-content-justification-space-between is-layout-flex wp-container-core-group-is-layout-cdd4a880 wp-block-group-is-layout-flex\">\n<div class=\"wp-block-group wp-container-content-9cfa9a5a is-content-justification-left\"><div class=\"wp-block-group__inner-container is-layout-constrained wp-container-core-group-is-layout-12dd3699 wp-block-group-is-layout-constrained\">\n<p class=\"has-text-align-left\" style=\"font-size:0.9rem;font-style:normal;font-weight:600;letter-spacing:1px;text-transform:uppercase\">Search<\/p>\n\n\n<form role=\"search\" method=\"get\" action=\"https:\/\/laura-s.com\/en\/\" class=\"wp-block-search__button-outside wp-block-search__icon-button wp-block-search\" data-trp-original-action=\"https:\/\/laura-s.com\/en\/\"    ><label class=\"wp-block-search__label screen-reader-text\" for=\"wp-block-search__input-1\" >Search<\/label><div class=\"wp-block-search__inside-wrapper\"  style=\"width: 100%\"><input class=\"wp-block-search__input\" id=\"wp-block-search__input-1\" placeholder=\"\" value=\"\" type=\"search\" name=\"s\" required style=\"border-width: 1px\"\/><button aria-label=\"Search\" class=\"wp-block-search__button has-icon wp-element-button\" type=\"submit\"  style=\"border-width: 1px\"><svg class=\"search-icon\" viewbox=\"0 0 24 24\" width=\"24\" height=\"24\">\n\t\t\t\t\t<path d=\"M13 5c-3.3 0-6 2.7-6 6 0 1.4.5 2.7 1.3 3.7l-3.8 3.8 1.1 1.1 3.8-3.8c1 .8 2.3 1.3 3.7 1.3 3.3 0 6-2.7 6-6S16.3 5 13 5zm0 10.5c-2.5 0-4.5-2-4.5-4.5s2-4.5 4.5-4.5 4.5 2 4.5 4.5-2 4.5-4.5 4.5z\"><\/path>\n\t\t\t\t<\/svg><\/button><\/div><input type=\"hidden\" name=\"trp-form-language\" value=\"en\"\/><\/form><\/div><\/div>\n\n\n\n<div class=\"wp-block-group is-content-justification-right is-nowrap is-layout-flex wp-container-core-group-is-layout-469b99a4 wp-block-group-is-layout-flex\">\n<div class=\"wp-block-group is-vertical is-layout-flex wp-container-core-group-is-layout-fe9cc265 wp-block-group-is-layout-flex\">\n<p class=\"has-text-align-left\" style=\"font-size:0.9rem;font-style:normal;font-weight:600;letter-spacing:1px;text-transform:uppercase\">Social<\/p>\n\n\n\n<div class=\"wp-block-group has-small-font-size is-vertical is-content-justification-left is-layout-flex wp-container-core-group-is-layout-32091062 wp-block-group-is-layout-flex\">\n<p><a href=\"#\">Facebook<\/a><\/p>\n\n\n\n<p><a href=\"#\">Instagram<\/a><\/p>\n\n\n\n<p><a href=\"#\">Twitter<\/a><\/p>\n<\/div>\n<\/div>\n<\/div>\n<\/div>\n\n\n\n<div class=\"wp-block-group alignwide is-content-justification-space-between is-layout-flex wp-container-core-group-is-layout-b585a4aa wp-block-group-is-layout-flex\">\n<div class=\"wp-block-group is-layout-flex wp-block-group-is-layout-flex\"><h1 class=\"wp-block-site-title has-small-font-size\"><a href=\"https:\/\/laura-s.com\/en\" target=\"_self\" rel=\"home\">Laura&#039;s<\/a><\/h1><\/div>\n\n\n\n<p class=\"has-small-font-size\"> Proudly powered by <a rel=\"nofollow\" href=\"https:\/\/wordpress.org\">WordPress<\/a> <\/p>\n<\/div>\n<\/div><\/div>","protected":false},"excerpt":{"rendered":"<p>Search Social Facebook Instagram Twitter Proudly powered by WordPress<\/p>","protected":false},"author":1,"featured_media":0,"parent":0,"menu_order":0,"comment_status":"closed","ping_status":"closed","template":"","meta":{"pagelayer_contact_templates":[],"_pagelayer_content":"","footnotes":""},"class_list":["post-4209","page","type-page","status-publish","hentry"],"jetpack_sharing_enabled":true,"_links":{"self":[{"href":"https:\/\/laura-s.com\/en\/wp-json\/wp\/v2\/pages\/4209","targetHints":{"allow":["GET"]}}],"collection":[{"href":"https:\/\/laura-s.com\/en\/wp-json\/wp\/v2\/pages"}],"about":[{"href":"https:\/\/laura-s.com\/en\/wp-json\/wp\/v2\/types\/page"}],"author":[{"embeddable":true,"href":"https:\/\/laura-s.com\/en\/wp-json\/wp\/v2\/users\/1"}],"replies":[{"embeddable":true,"href":"https:\/\/laura-s.com\/en\/wp-json\/wp\/v2\/comments?post=4209"}],"version-history":[{"count":4,"href":"https:\/\/laura-s.com\/en\/wp-json\/wp\/v2\/pages\/4209\/revisions"}],"predecessor-version":[{"id":4295,"href":"https:\/\/laura-s.com\/en\/wp-json\/wp\/v2\/pages\/4209\/revisions\/4295"}],"wp:attachment":[{"href":"https:\/\/laura-s.com\/en\/wp-json\/wp\/v2\/media?parent=4209"}],"curies":[{"name":"wp","href":"https:\/\/api.w.org\/{rel}","templated":true}]}}