{"id":4206,"date":"2024-04-20T06:02:48","date_gmt":"2024-04-20T05:02:48","guid":{"rendered":"https:\/\/laura-s.com\/?page_id=4206"},"modified":"2024-04-25T17:43:01","modified_gmt":"2024-04-25T16:43:01","slug":"terms-of-use","status":"publish","type":"page","link":"https:\/\/laura-s.com\/en\/terms-of-use\/","title":{"rendered":"Terms of use"},"content":{"rendered":"<h2 class=\"wp-block-heading has-text-align-center\">Terms of use<\/h2>\n\n\n\n<div style=\"height:50px\" aria-hidden=\"true\" class=\"wp-block-spacer\"><\/div>\n\n\n\n<div class=\"wp-block-uagb-container uagb-block-33316a6c alignfull uagb-is-root-container\"><div class=\"uagb-container-inner-blocks-wrap\">\n<div style=\"height:30px\" aria-hidden=\"true\" class=\"wp-block-spacer\"><\/div>\n\n\n\n<p>Laura-s reguli\u0161e prava i obaveze povodom kupovine i kori\u0161\u0107enja usluga koje se objavljuju na web stranici: <strong>www.Laura-s.com<\/strong><br>Svi posetioci\/klijenti\/korisnici\/partneri i dobavlja\u010di su u obavezi da pa\u017eljivo pro\u010ditaju uslove kori\u0161\u0107enja sajta, svako dalje pregledanje sadr\u017eaja na <strong>www.Laura-s.com<\/strong> podrazumeva Va\u0161e izri\u010dito i bezuslovno prihvatanje uslova kori\u0161\u0107enja. U slu\u010daju neslaganja sa navedenim uslovima i neprihvatanja istih, molimo Vas da ne koristite ovu internet stranicu. <strong>Laura-s<\/strong> zadr\u017eava pravo da uskrati pravo kori\u0161\u0107enja svakom licu bez navo\u0111enja razloga kao i da vr\u0161i izmene Uslova kori\u0161\u0107enja bez prethodnog obave\u0161tavanja posetioca\/klijenata\/korisnika\/partnera i dobavlja\u010da. Prema Zakonu o za\u0161titi potro\u0161a\u010da (Slu\u017ebeni glasnik RS, br. 62\/2014) kupovina preko na\u0161e prodajne internet stranice<strong> wwwLaura-s.com&nbsp;<\/strong>smatra se prodajom na daljinu.<\/p>\n\n\n\n<h2 class=\"wp-block-heading\">Intelektualna svojina<\/h2>\n\n\n\n<p>Celokupan sadr\u017eaj prikazan na ovom sajtu kao \u0161to su stranice, informacije i softver vlasni\u0161tvo su Laura-s odnosno internet prodavnice www.Luara-s.com.Ukupan sadr\u017eaj objavljen na web stranici www.Laura-s.com&nbsp;ne sme se kopirati, osim za individualnu upotrebu i za nekomercijalne svrhe, ali uvek uz po\u0161tovanje autorskih prava i drugih prava intelektualnog vlasni\u0161tva kao i svih ostalih ograni\u010denja prava. Bilo kakvo kopiranje, reprodukcija ili distribucija dokumenata, informacija i sadr\u017eaja sa ove web stranice dopu\u0161tena je isklju\u010divo uz prethodno izri\u010dito odobrenje Laura-s.com. Svi odnosi koji nisu regulisani ovim Uslovima ure\u0111eni su Zakonom o za\u0161titi potro\u0161a\u010da, Zakonom o za\u0161titi podataka o li\u010dnosti i Zakonom o obligacionim odnosima. Ovi uslovi i odredbe va\u017ee od 01.04.2024. godine.<\/p>\n\n\n\n<h2 class=\"wp-block-heading\">Elektronska komunikacija<\/h2>\n\n\n\n<p>Pose\u0107ivanjem i kori\u0161\u0107enjem <strong>www.Laura-s.com<\/strong> internet trgovine prihvatate komunikaciju isklju\u010divo elektronskim putem. Sva pitanja o proizvodima i ostalim informacijama, kao i va\u0161e prigovore i primedbe mo\u017eete poslati putem elektronske po\u0161te na e-mail <strong>Lauras@lauras.group<\/strong><\/p>\n\n\n\n<h2 class=\"wp-block-heading\">Fotografije i opisi<\/h2>\n\n\n\n<p>Trudimo se da svi artikli na ovom sajtu budu prikazani sa ispravnim nazivima, specifikacijama, fotografijama i cenama, me\u0111utim, ne mo\u017eemo garantovati da su svi podaci na ovom sajtu u potpunosti ispravni. Zadr\u017eavamo pravo da bez prethodne najave promenimo opis i cenu svih artikla na ovom sajtu. Svi artikli koji su prikazani na ovom sajtu deo su na\u0161e ponude i ne podrazumeva se da su svi dostupni za isporuku u svakom trenutku. Informacije o trenutnoj raspolo\u017eivosti artikala mo\u017eete proveriti slanjem upita na e-mail&nbsp;<strong>Lauras@lauras.group<\/strong>. Cene, uslovi pla\u0107anja i akcijske ponude va\u017ee isklju\u010divo u trenutku porud\u017ebine i\/ili pla\u0107anja i mogu se promeniti bez prethodne najave.<\/p>\n\n\n\n<h2 class=\"wp-block-heading\">Porud\u017ebina<\/h2>\n\n\n\n<p>Narud\u017ebina va\u017ei u trenutku kada je kupac po\u0161alje. Naru\u010deni proizvodi se napla\u0107uju po cenama objavljenim na web lokaciji Internet prodavnice u trenutku slanja narud\u017ebine. U slu\u010daju tehni\u010dke gre\u0161ke prilikom davanja narud\u017ebe radnim danom, o gre\u0161ci<br>\u0107emo obavestiti korisnika najkasnije 24 sata nakon slanja naloga, a u slu\u010daju slanja subotom, nedeljom i praznicima najkasnije slede\u0107eg radnog dana. Ako \u017eeljeni proizvod nema na zalihama, korisnik \u0107e biti obave\u0161ten u roku od 24 sata ili u slu\u010daju davanja porud\u017ebine subotom, nedeljom i praznicima, najkasnije prvog radnog dana. Ugovor o kupovini zaklju\u010duje se izme\u0111u dobavlja\u010da i korisnika u trenutku kada provajder potvrdi porud\u017ebinu ili kada korisnik primi obave\u0161tenje da je njegova narud\u017ebina potvr\u0111ena. Jednom kada je narud\u017ebina potvr\u0111ena, ona se vi\u0161e ne mo\u017ee menjati. Nakon slanja narud\u017ebine, kupac dobija elektronsku potvrdu o narud\u017ebini na e-mail adresu. Nakon isporuke paketa, kupac dobija fakturu u paketu ili putem e-maila.<\/p>\n\n\n\n<h2 class=\"wp-block-heading\">Dostava<\/h2>\n\n\n\n<p>Dostava je mogu\u0107a u <strong>Crnoj Gori i i zemljama regiona<\/strong>. Trgovac \u0107e naru\u010dene proizvode korisniku (kupcu) isporu\u010diti u dogovorenom<br>roku. Po\u0161iljke \u0161aljemo preko <strong>DHL<\/strong> kurirske slu\u017ebe. Trgovac ima pravoizabrati drugu kurirsku slu\u017ebu.&nbsp;Sve primljene porud\u017ebine \u0161alju se u roku od&nbsp;3do 5 radna dana&nbsp;i bi\u0107e dostavljene u roku od&nbsp;2-6 dana&nbsp;(zavisno od radnog vremena i na\u010dina rada<br>kurirske slu\u017ebe). Narud\u017ebine predate za vikende i praznike \u0161aljemo prvi radni dan. S obzirom da svaka zemlja defini\u0161e Zakone o prometu roba i usluga, mo\u017ee se dogoditi da&nbsp;<strong>NEZAVISNO OD NAS<\/strong>&nbsp;neke slu\u017ebe obra\u010dunaju dodatne tro\u0161kove na na\u0161u robu i usluge, (tro\u0161kove po\u0161tarine, otvaranja i kontrole paketa, carine, ponovne dostave, promene adrese dostave i sli\u010dno). Preporuka je da se pre poru\u010divanja robe proveri da li postoje posebne zabrane za zemlju iz koje se porud\u017ebina obavlja. Sve tro\u0161kove po navedenom, snosi kupac.<\/p>\n<\/div><\/div>\n\n\n\n<div class=\"wp-block-group alignfull has-background\" style=\"background-color:#00000008;padding-top:var(--wp--preset--spacing--50);padding-right:var(--wp--preset--spacing--40);padding-bottom:var(--wp--preset--spacing--50);padding-left:var(--wp--preset--spacing--40)\"><div class=\"wp-block-group__inner-container is-layout-constrained wp-container-core-group-is-layout-3bfa357b wp-block-group-is-layout-constrained\">\n<div class=\"wp-block-group alignwide is-content-justification-space-between is-layout-flex wp-container-core-group-is-layout-cdd4a880 wp-block-group-is-layout-flex\">\n<div class=\"wp-block-group wp-container-content-9cfa9a5a is-content-justification-left\"><div class=\"wp-block-group__inner-container is-layout-constrained wp-container-core-group-is-layout-12dd3699 wp-block-group-is-layout-constrained\">\n<p class=\"has-text-align-left\" style=\"font-size:0.9rem;font-style:normal;font-weight:600;letter-spacing:1px;text-transform:uppercase\">Search<\/p>\n\n\n<form role=\"search\" method=\"get\" action=\"https:\/\/laura-s.com\/en\/\" class=\"wp-block-search__button-outside wp-block-search__icon-button wp-block-search\" data-trp-original-action=\"https:\/\/laura-s.com\/en\/\"    ><label class=\"wp-block-search__label screen-reader-text\" for=\"wp-block-search__input-1\" >Search<\/label><div class=\"wp-block-search__inside-wrapper\"  style=\"width: 100%\"><input class=\"wp-block-search__input\" id=\"wp-block-search__input-1\" placeholder=\"\" value=\"\" type=\"search\" name=\"s\" required style=\"border-width: 1px\"\/><button aria-label=\"Search\" class=\"wp-block-search__button has-icon wp-element-button\" type=\"submit\"  style=\"border-width: 1px\"><svg class=\"search-icon\" viewbox=\"0 0 24 24\" width=\"24\" height=\"24\">\n\t\t\t\t\t<path d=\"M13 5c-3.3 0-6 2.7-6 6 0 1.4.5 2.7 1.3 3.7l-3.8 3.8 1.1 1.1 3.8-3.8c1 .8 2.3 1.3 3.7 1.3 3.3 0 6-2.7 6-6S16.3 5 13 5zm0 10.5c-2.5 0-4.5-2-4.5-4.5s2-4.5 4.5-4.5 4.5 2 4.5 4.5-2 4.5-4.5 4.5z\"><\/path>\n\t\t\t\t<\/svg><\/button><\/div><input type=\"hidden\" name=\"trp-form-language\" value=\"en\"\/><\/form><\/div><\/div>\n\n\n\n<div class=\"wp-block-group is-content-justification-right is-nowrap is-layout-flex wp-container-core-group-is-layout-469b99a4 wp-block-group-is-layout-flex\">\n<div class=\"wp-block-group is-vertical is-layout-flex wp-container-core-group-is-layout-fe9cc265 wp-block-group-is-layout-flex\">\n<p class=\"has-text-align-left\" style=\"font-size:0.9rem;font-style:normal;font-weight:600;letter-spacing:1px;text-transform:uppercase\">Social<\/p>\n\n\n\n<div class=\"wp-block-group has-small-font-size is-vertical is-content-justification-left is-layout-flex wp-container-core-group-is-layout-32091062 wp-block-group-is-layout-flex\">\n<p><a href=\"#\">Facebook<\/a><\/p>\n\n\n\n<p><a href=\"#\">Instagram<\/a><\/p>\n\n\n\n<p><a href=\"#\">Twitter<\/a><\/p>\n<\/div>\n<\/div>\n<\/div>\n<\/div>\n\n\n\n<div class=\"wp-block-group alignwide is-content-justification-space-between is-layout-flex wp-container-core-group-is-layout-b585a4aa wp-block-group-is-layout-flex\">\n<div class=\"wp-block-group is-layout-flex wp-block-group-is-layout-flex\"><h1 class=\"wp-block-site-title has-small-font-size\"><a href=\"https:\/\/laura-s.com\/en\" target=\"_self\" rel=\"home\">Laura&#039;s<\/a><\/h1><\/div>\n\n\n\n<p class=\"has-small-font-size\"> Proudly powered by <a rel=\"nofollow\" href=\"https:\/\/wordpress.org\">WordPress<\/a> <\/p>\n<\/div>\n<\/div><\/div>","protected":false},"excerpt":{"rendered":"<p>Terms of use Search Social Facebook Instagram Twitter Proudly powered by WordPress<\/p>","protected":false},"author":1,"featured_media":0,"parent":0,"menu_order":0,"comment_status":"closed","ping_status":"closed","template":"","meta":{"pagelayer_contact_templates":[],"_pagelayer_content":"","footnotes":""},"class_list":["post-4206","page","type-page","status-publish","hentry"],"jetpack_sharing_enabled":true,"_links":{"self":[{"href":"https:\/\/laura-s.com\/en\/wp-json\/wp\/v2\/pages\/4206","targetHints":{"allow":["GET"]}}],"collection":[{"href":"https:\/\/laura-s.com\/en\/wp-json\/wp\/v2\/pages"}],"about":[{"href":"https:\/\/laura-s.com\/en\/wp-json\/wp\/v2\/types\/page"}],"author":[{"embeddable":true,"href":"https:\/\/laura-s.com\/en\/wp-json\/wp\/v2\/users\/1"}],"replies":[{"embeddable":true,"href":"https:\/\/laura-s.com\/en\/wp-json\/wp\/v2\/comments?post=4206"}],"version-history":[{"count":4,"href":"https:\/\/laura-s.com\/en\/wp-json\/wp\/v2\/pages\/4206\/revisions"}],"predecessor-version":[{"id":4429,"href":"https:\/\/laura-s.com\/en\/wp-json\/wp\/v2\/pages\/4206\/revisions\/4429"}],"wp:attachment":[{"href":"https:\/\/laura-s.com\/en\/wp-json\/wp\/v2\/media?parent=4206"}],"curies":[{"name":"wp","href":"https:\/\/api.w.org\/{rel}","templated":true}]}}